{"id":613,"date":"2019-09-02T13:58:55","date_gmt":"2019-09-02T13:58:55","guid":{"rendered":"https:\/\/boutiquehotelcezanne.com\/?page_id=613"},"modified":"2019-09-04T08:42:00","modified_gmt":"2019-09-04T08:42:00","slug":"privacy-policy","status":"publish","type":"page","link":"https:\/\/boutiquehotelcezanne.com\/en\/privacy-policy\/","title":{"rendered":"Privacy Policy"},"content":{"rendered":"<p><strong>H\u00f4tel C\u00e9zanne \u2013 Aix en Provence<\/strong><\/p>\n<p><strong>Legal notices<\/strong><\/p>\n<p><strong>\u00a0<\/strong><\/p>\n<p><strong>Publisher<\/strong>: <strong>HOTEL CEZANNE SAS<\/strong><\/p>\n<p>Simplified Joint-Stock Company registered with the Aix en Provence Trade and Companies Register under number 432 244 002<\/p>\n<p>Registered office: 40, avenue VICTOR HUGO, 13100 AIX EN PROVENCE<\/p>\n<p>Intra-community VAT number: FR31 432 244 002<\/p>\n<p>&nbsp;<\/p>\n<p>Telephone number:<strong> +33 (0)4 42 91 11 11<\/strong><\/p>\n<p>Email address: boutiquehotelcezanne@hotelaix.com<\/p>\n<p>&nbsp;<\/p>\n<p>Publication Director:\u00a0 <a href=\"mailto:manager@hotelaix.com\"><strong>manager@hotelaix.com<\/strong><\/a><strong><u>, Hotel Director Anne-Marie Da Costa.<\/u><\/strong><\/p>\n<p>&nbsp;<\/p>\n<p>Design and production: <strong><u>Opinews<\/u><\/strong><\/p>\n<p>&nbsp;<\/p>\n<p><strong>Hosting company<\/strong>: FC Micro, a limited liability company registered with the EVRY Trade and Companies Register under number 451 517 528, located at 3 rue des Pr\u00e9aux 91640 VAUGRIGNEUSE.<\/p>\n<p>Telephone number: +33 (0)1 69 94 10 96<\/p>\n<p>Email address: contact@fcmicro.net<\/p>\n<p>The following conditions set out the policy on the processing of customers\u2019 personal data, collected:<\/p>\n<ul>\n<li>When visiting the website https:\/\/boutiquehotelcezanne.com\/;<\/li>\n<li>In the context of booking holidays via the website or on-site at the hotel&#8217;s reception;<\/li>\n<li>During a stay at the hotel.<\/li>\n<\/ul>\n<p>This charter appears on the website and is displayed at the hotel\u2019s reception. All customers may consult it.<\/p>\n<p>This policy is in line with the French law no. 78-17 of 6th January 1978<em>, <\/em><em>with regard to information technology, files and freedoms,<\/em> amended by French law no. 2018-493 of 20th June 2018 and EU Regulation 2016\/679 of the European Parliament and Council of 27th April 2016 <em>with regard to the protection of individuals with regard to the processing of personal data and the free movement of such data<\/em> (GDPR).<\/p>\n<p>The term \u201c<strong>personal data<\/strong>\u201d\u00a0refers to any information enabling the direct or indirect identification of an individual.<\/p>\n<p>The term \u201c<strong>data controller<\/strong>\u201d\u00a0refers to the legal entity, which determines the purposes and means of the processing of the personal data collected.<\/p>\n<p>The term \u201c<strong>Data Protection Officer (DPO)<\/strong>\u201d\u00a0refers to the person responsible for implementing GDPR compliance with regard to the processing implemented by this body.<\/p>\n<p>&nbsp;<\/p>\n<ol>\n<li><strong>DATA CONTROLLER<\/strong><\/li>\n<\/ol>\n<p>&nbsp;<\/p>\n<p>The data controller is the company:<\/p>\n<p><strong>HOTEL CEZANNE SAS<\/strong><\/p>\n<p>Registered with the AIX EN PROVENCE Trade and Companies Register under number 432 244 002<\/p>\n<p>Whose registered office is located at 40, avenue VICTOR HUGO, 13100 AIX EN PROVENCE<\/p>\n<p>&nbsp;<\/p>\n<ol start=\"2\">\n<li><strong>DATA PROTECTION OFFICER<\/strong><\/li>\n<\/ol>\n<p>&nbsp;<\/p>\n<p>The Data Protection Officer (DPO) appointed by the group to which the data controller belongs is:<\/p>\n<p>St\u00e9phanie Chevalier<\/p>\n<p>41-43 avenue Ledru Rollin, 75012 PARIS<\/p>\n<p>Dedicated phone line: +33 (0)298687172<\/p>\n<p><a href=\"mailto:dpo@cbs29.fr\">dpo@cbs29.fr<\/a><\/p>\n<p>&nbsp;<\/p>\n<ol start=\"3\">\n<li><strong>PERSONAL DATA<\/strong><\/li>\n<\/ol>\n<ul>\n<li><strong>Data Collected<\/strong><\/li>\n<\/ul>\n<p>&nbsp;<\/p>\n<p>The personal data collected or likely to be collected, by the data controller during the events mentioned in the introduction to this text are as follows:<\/p>\n<ul>\n<li>Customers\u2019 surnames and first names<\/li>\n<li>Email address(es)<\/li>\n<li>Telephone numbers<\/li>\n<li>Postal addresses<\/li>\n<li>Nationality<\/li>\n<li>Dates of stay in the hotel<\/li>\n<li>Vehicle registration plate number<\/li>\n<li>Images collected by the hotel&#8217;s CCTV system<\/li>\n<li>Similar information about persons accompanying customers during their stay, including in a family or business setting<\/li>\n<li>Bank details<\/li>\n<li>Customer preferences and\/or requirements, as communicated by customers (e.g. dietary requirements or allergies)<\/li>\n<li>Any data that the customer may spontaneously decide to bring to the attention of the data controller in the context of their reservation or stay at the hotel<\/li>\n<\/ul>\n<p>&nbsp;<\/p>\n<ul>\n<li><strong>Purpose of the collection<\/strong><\/li>\n<\/ul>\n<p>&nbsp;<\/p>\n<p>The personal data collected from customers are primarily used to allow the appropriate functioning of the hotel services offered by the data controller as well as to manage the customer relationship.<\/p>\n<p>The purpose of video surveillance of the hotel is to ensure the safety of the property and of individuals during their stay.<\/p>\n<p>The purpose may also be to meet applicable regulatory obligations, for example to complete a hotel registration form.<\/p>\n<p>The data can be used to subscribe customers to newsletters and promotional campaigns, if the customer has agreed to receive such information.<\/p>\n<p>Any transmission of data to partners of the data controller will be approved in advance by the customer, via the specific form concerned.<\/p>\n<p><strong>\u00a0<\/strong><\/p>\n<ul>\n<li><strong>Legal basis for data processing<\/strong><\/li>\n<\/ul>\n<p>&nbsp;<\/p>\n<p>The data processing enacted by the data controller takes place on the following legal bases:<\/p>\n<ul>\n<li>The execution of a contract relating to the hotel services ordered by the customer;<\/li>\n<li>Consent, for example if the customer ticks a box indicating that they wish to receive newsletters and promotional campaigns;<\/li>\n<li>The data controller&#8217;s compliance with its legal obligations;<\/li>\n<li>The legitimate interests of the data controller, for example to ensure the safety of persons and property, to combat fraud, to enable internal administrative management, to establish financial statistics and turnover related to its business activity.<\/li>\n<\/ul>\n<p>&nbsp;<\/p>\n<ul>\n<li><strong>Data Retention<\/strong><\/li>\n<\/ul>\n<p>&nbsp;<\/p>\n<p>Personal data are retained for the period necessary for the performance of hotel services and other services requested by the client.<\/p>\n<p>Beyond that, the data are retained or archived for the legal or recommended period specific to the data in question, for example:<\/p>\n<ul>\n<li>Specific provisions relating to accounting or tax documents (invoices, etc.)<\/li>\n<li>Storage of images for a maximum of 1 month as part of the CCTV surveillance system;<\/li>\n<li>Retention of data 3 years from the last solicitation concerning the contact details of a prospect;<\/li>\n<li>Storage of hotel registration forms for 6 months.<\/li>\n<\/ul>\n<p>&nbsp;<\/p>\n<ul>\n<li><strong>Cookies<\/strong><\/li>\n<\/ul>\n<p>&nbsp;<\/p>\n<p>Cookies may be placed and read when consulting the website.<\/p>\n<p>The customer&#8217;s consent may be sought when browsing the website, for example regarding cookies linked to operations involving targeted advertising, certain site-usage assessment cookies or those related to social media. The customer can read the relevant information on the website.<\/p>\n<p>&nbsp;<\/p>\n<ol start=\"4\">\n<li><strong>DATA SHARING AND TRANSFER<\/strong><\/li>\n<\/ol>\n<p>&nbsp;<\/p>\n<p>Personal data may be shared with third parties in the following cases:<\/p>\n<ul>\n<li>When the customer uses the payment services, as required by the third-party banking and financial companies that are partners of the controller;<\/li>\n<li>If required by law, the data controller may transmit data to respond to complaints submitted and to comply with administrative and judicial procedures, for example, the hotel registration forms being sent to the police at their request;<\/li>\n<li>Data may be shared with companies within the group of companies of which the data controller is a part, specifically SAS COFIGAD and its subsidiaries, if the customer has consented to receive marketing communications;<\/li>\n<li>If the controller is involved in a merger, acquisition or disposal of assets, it may be required to transfer or share all or part of its assets, including personal data.<\/li>\n<\/ul>\n<p>&nbsp;<\/p>\n<ul>\n<li><strong>Subcontracting<\/strong><\/li>\n<\/ul>\n<p>&nbsp;<\/p>\n<p>The data may be transmitted to the following technical service providers, acting as subcontractors:<\/p>\n<ul>\n<li>The website hosting company, whose contact details are stated in the legal notices;<\/li>\n<li>The booking service integrated into the site, published by AVAILPRO SAS, with share capital of \u20ac126,729, Paris Trade and Companies Register no. 435318985, registered office: 14-16 Bd Poissonni\u00e8re 75009 Paris, telephone: +33 (0)1 58 62 58 31<\/li>\n<li>The hotel property management system (PMS) published by Oracle, registered office (France): 15, boulevard Charles de Gaulle 92715 Colombes cedex, telephone: +33 (0)1 57 60 20 20<\/li>\n<\/ul>\n<p>&nbsp;<\/p>\n<ol start=\"5\">\n<li><strong>THE DATA CONTROLLER&#8217;S COMMITMENTS\u00a0<\/strong><\/li>\n<\/ol>\n<p>&nbsp;<\/p>\n<p>The data controller commits to:<\/p>\n<ol>\n<li>a) process customers\u2019 personal data in the context of hotel services, to the extent necessary for the provision of these services and not to use them for other purposes;<\/li>\n<\/ol>\n<ol>\n<li>b) put in place appropriate technical and organisational measures to ensure the security of personal data, which may include:<\/li>\n<\/ol>\n<ul>\n<li>The implementation of a policy limiting access to premises to persons needing such access as part of their position and within the context of their responsibilities,<\/li>\n<li>Physical security measures to prevent unauthorized persons from accessing the computers and servers on which customer data is stored.<\/li>\n<\/ul>\n<ol>\n<li>c) ensure that its employees authorised to process personal data in the context of hotel services are subject to a confidentiality agreement and receive appropriate training concerning the protection of personal data;<\/li>\n<li>d) ensure that its technical service providers provide sufficient guarantees regarding the implementation of appropriate technical and organisational measures ensuring that their services meet the necessary requirements and guaranteeing the protection of data.<\/li>\n<\/ol>\n<p>&nbsp;<\/p>\n<ol start=\"6\">\n<li><strong>EXERCISING YOUR RIGHTS<\/strong><\/li>\n<\/ol>\n<p>&nbsp;<\/p>\n<p>You have the right to access, review, modify, rectify and delete your personal data. You also have a right to object to the processing of your personal data for legitimate reasons, as well as a right to object to these data being used for commercial prospecting purposes.<\/p>\n<p>These rights may be exercised by sending an email to dpo@cbs29.fr or by sending a letter to the DPO address indicated above.<\/p>\n<p>All data subjects also have the right to lodge a complaint with the CNIL, 3 Place de Fontenoy &#8211; TSA 80715 &#8211; 75334 PARIS CEDEX 07, T: +33 (0)1 53 73 22 22<\/p>\n<p>&nbsp;<\/p>\n","protected":false},"excerpt":{"rendered":"<p>H\u00f4tel C\u00e9zanne \u2013 Aix en Provence Legal notices \u00a0 Publisher: HOTEL CEZANNE SAS Simplified Joint-Stock Company registered with the Aix en Provence Trade and Companies Register under number 432 244 002 Registered office: 40, avenue VICTOR HUGO, 13100 AIX EN PROVENCE Intra-community VAT number: FR31 432 244 002 &nbsp; Telephone number: +33 (0)4 42 91 [&hellip;]<\/p>\n","protected":false},"author":1,"featured_media":0,"parent":0,"menu_order":0,"comment_status":"closed","ping_status":"open","template":"","meta":{"_acf_changed":false,"footnotes":""},"class_list":["post-613","page","type-page","status-publish","hentry"],"acf":[],"yoast_head":"<!-- This site is optimized with the Yoast SEO plugin v27.3 - https:\/\/yoast.com\/product\/yoast-seo-wordpress\/ -->\n<title>Privacy Policy - Boutique H\u00f4tel C\u00e9zanne<\/title>\n<meta name=\"robots\" content=\"noindex, follow\" \/>\n<meta property=\"og:locale\" content=\"en_US\" \/>\n<meta property=\"og:type\" content=\"article\" \/>\n<meta property=\"og:title\" content=\"Privacy Policy - Boutique H\u00f4tel C\u00e9zanne\" \/>\n<meta property=\"og:description\" content=\"H\u00f4tel C\u00e9zanne \u2013 Aix en Provence Legal notices \u00a0 Publisher: HOTEL CEZANNE SAS Simplified Joint-Stock Company registered with the Aix en Provence Trade and Companies Register under number 432 244 002 Registered office: 40, avenue VICTOR HUGO, 13100 AIX EN PROVENCE Intra-community VAT number: FR31 432 244 002 &nbsp; Telephone number: +33 (0)4 42 91 [&hellip;]\" \/>\n<meta property=\"og:url\" content=\"https:\/\/boutiquehotelcezanne.com\/en\/privacy-policy\/\" \/>\n<meta property=\"og:site_name\" content=\"Boutique H\u00f4tel C\u00e9zanne\" \/>\n<meta property=\"article:modified_time\" content=\"2019-09-04T08:42:00+00:00\" \/>\n<meta name=\"twitter:card\" content=\"summary_large_image\" \/>\n<meta name=\"twitter:label1\" content=\"Est. reading time\" \/>\n\t<meta name=\"twitter:data1\" content=\"7 minutes\" \/>\n<script type=\"application\/ld+json\" class=\"yoast-schema-graph\">{\"@context\":\"https:\\\/\\\/schema.org\",\"@graph\":[{\"@type\":\"WebPage\",\"@id\":\"https:\\\/\\\/boutiquehotelcezanne.com\\\/en\\\/privacy-policy\\\/\",\"url\":\"https:\\\/\\\/boutiquehotelcezanne.com\\\/en\\\/privacy-policy\\\/\",\"name\":\"Privacy Policy - Boutique H\u00f4tel C\u00e9zanne\",\"isPartOf\":{\"@id\":\"https:\\\/\\\/boutiquehotelcezanne.com\\\/#website\"},\"datePublished\":\"2019-09-02T13:58:55+00:00\",\"dateModified\":\"2019-09-04T08:42:00+00:00\",\"breadcrumb\":{\"@id\":\"https:\\\/\\\/boutiquehotelcezanne.com\\\/en\\\/privacy-policy\\\/#breadcrumb\"},\"inLanguage\":\"en-US\",\"potentialAction\":[{\"@type\":\"ReadAction\",\"target\":[\"https:\\\/\\\/boutiquehotelcezanne.com\\\/en\\\/privacy-policy\\\/\"]}]},{\"@type\":\"BreadcrumbList\",\"@id\":\"https:\\\/\\\/boutiquehotelcezanne.com\\\/en\\\/privacy-policy\\\/#breadcrumb\",\"itemListElement\":[{\"@type\":\"ListItem\",\"position\":1,\"name\":\"Accueil\",\"item\":\"https:\\\/\\\/boutiquehotelcezanne.com\\\/en\\\/accueil\\\/\"},{\"@type\":\"ListItem\",\"position\":2,\"name\":\"Privacy Policy\"}]},{\"@type\":\"WebSite\",\"@id\":\"https:\\\/\\\/boutiquehotelcezanne.com\\\/#website\",\"url\":\"https:\\\/\\\/boutiquehotelcezanne.com\\\/\",\"name\":\"Boutique H\u00f4tel C\u00e9zanne\",\"description\":\"\",\"potentialAction\":[{\"@type\":\"SearchAction\",\"target\":{\"@type\":\"EntryPoint\",\"urlTemplate\":\"https:\\\/\\\/boutiquehotelcezanne.com\\\/?s={search_term_string}\"},\"query-input\":{\"@type\":\"PropertyValueSpecification\",\"valueRequired\":true,\"valueName\":\"search_term_string\"}}],\"inLanguage\":\"en-US\"}]}<\/script>\n<!-- \/ Yoast SEO plugin. -->","yoast_head_json":{"title":"Privacy Policy - Boutique H\u00f4tel C\u00e9zanne","robots":{"index":"noindex","follow":"follow"},"og_locale":"en_US","og_type":"article","og_title":"Privacy Policy - Boutique H\u00f4tel C\u00e9zanne","og_description":"H\u00f4tel C\u00e9zanne \u2013 Aix en Provence Legal notices \u00a0 Publisher: HOTEL CEZANNE SAS Simplified Joint-Stock Company registered with the Aix en Provence Trade and Companies Register under number 432 244 002 Registered office: 40, avenue VICTOR HUGO, 13100 AIX EN PROVENCE Intra-community VAT number: FR31 432 244 002 &nbsp; Telephone number: +33 (0)4 42 91 [&hellip;]","og_url":"https:\/\/boutiquehotelcezanne.com\/en\/privacy-policy\/","og_site_name":"Boutique H\u00f4tel C\u00e9zanne","article_modified_time":"2019-09-04T08:42:00+00:00","twitter_card":"summary_large_image","twitter_misc":{"Est. reading time":"7 minutes"},"schema":{"@context":"https:\/\/schema.org","@graph":[{"@type":"WebPage","@id":"https:\/\/boutiquehotelcezanne.com\/en\/privacy-policy\/","url":"https:\/\/boutiquehotelcezanne.com\/en\/privacy-policy\/","name":"Privacy Policy - Boutique H\u00f4tel C\u00e9zanne","isPartOf":{"@id":"https:\/\/boutiquehotelcezanne.com\/#website"},"datePublished":"2019-09-02T13:58:55+00:00","dateModified":"2019-09-04T08:42:00+00:00","breadcrumb":{"@id":"https:\/\/boutiquehotelcezanne.com\/en\/privacy-policy\/#breadcrumb"},"inLanguage":"en-US","potentialAction":[{"@type":"ReadAction","target":["https:\/\/boutiquehotelcezanne.com\/en\/privacy-policy\/"]}]},{"@type":"BreadcrumbList","@id":"https:\/\/boutiquehotelcezanne.com\/en\/privacy-policy\/#breadcrumb","itemListElement":[{"@type":"ListItem","position":1,"name":"Accueil","item":"https:\/\/boutiquehotelcezanne.com\/en\/accueil\/"},{"@type":"ListItem","position":2,"name":"Privacy Policy"}]},{"@type":"WebSite","@id":"https:\/\/boutiquehotelcezanne.com\/#website","url":"https:\/\/boutiquehotelcezanne.com\/","name":"Boutique H\u00f4tel C\u00e9zanne","description":"","potentialAction":[{"@type":"SearchAction","target":{"@type":"EntryPoint","urlTemplate":"https:\/\/boutiquehotelcezanne.com\/?s={search_term_string}"},"query-input":{"@type":"PropertyValueSpecification","valueRequired":true,"valueName":"search_term_string"}}],"inLanguage":"en-US"}]}},"_links":{"self":[{"href":"https:\/\/boutiquehotelcezanne.com\/en\/wp-json\/wp\/v2\/pages\/613","targetHints":{"allow":["GET"]}}],"collection":[{"href":"https:\/\/boutiquehotelcezanne.com\/en\/wp-json\/wp\/v2\/pages"}],"about":[{"href":"https:\/\/boutiquehotelcezanne.com\/en\/wp-json\/wp\/v2\/types\/page"}],"author":[{"embeddable":true,"href":"https:\/\/boutiquehotelcezanne.com\/en\/wp-json\/wp\/v2\/users\/1"}],"replies":[{"embeddable":true,"href":"https:\/\/boutiquehotelcezanne.com\/en\/wp-json\/wp\/v2\/comments?post=613"}],"version-history":[{"count":3,"href":"https:\/\/boutiquehotelcezanne.com\/en\/wp-json\/wp\/v2\/pages\/613\/revisions"}],"predecessor-version":[{"id":738,"href":"https:\/\/boutiquehotelcezanne.com\/en\/wp-json\/wp\/v2\/pages\/613\/revisions\/738"}],"wp:attachment":[{"href":"https:\/\/boutiquehotelcezanne.com\/en\/wp-json\/wp\/v2\/media?parent=613"}],"curies":[{"name":"wp","href":"https:\/\/api.w.org\/{rel}","templated":true}]}}